{"id":957,"date":"2026-01-17T22:51:35","date_gmt":"2026-01-17T22:51:35","guid":{"rendered":"https:\/\/le-printemps-des-brasseurs.com\/?page_id=957"},"modified":"2026-01-18T11:43:08","modified_gmt":"2026-01-18T11:43:08","slug":"adherer","status":"publish","type":"page","link":"https:\/\/le-printemps-des-brasseurs.com\/?page_id=957","title":{"rendered":"Adh\u00e9rer"},"content":{"rendered":"\n<h2 class=\"wp-block-heading\">Devenez un acteur du Printemps des Brasseurs \u00e0 Villefranche-de-Conflent !<\/h2>\n\n\n\n<p>Amoureux de la bi\u00e8re artisanale, passionn\u00e9 de culture locale ou simple curieux ? Le&nbsp;<strong>Printemps des Brasseurs<\/strong>&nbsp;de Villefranche-de-Conflent est de retour le dimanche 19 avril 2026, et nous avons besoin de vous pour en faire un \u00e9v\u00e9nement exceptionnel !<\/p>\n\n\n\n<p>Rejoindre notre association, c\u2019est bien plus qu\u2019une simple adh\u00e9sion. C\u2019est l\u2019opportunit\u00e9 de participer activement \u00e0 l\u2019organisation de ce festival unique qui c\u00e9l\u00e8bre le savoir-faire brassicole et met en lumi\u00e8re notre magnifique patrimoine.<\/p>\n\n\n\n<p>En devenant membre, vous pourrez :<\/p>\n\n\n\n<ul class=\"wp-block-list\">\n<li><strong>Participer \u00e0 l\u2019organisation<\/strong>\u00a0et donner vie \u00e0 vos id\u00e9es<\/li>\n\n\n\n<li><strong>Rencontrer et \u00e9changer<\/strong>\u00a0avec des brasseurs passionn\u00e9s et des b\u00e9n\u00e9voles engag\u00e9s<\/li>\n\n\n\n<li><strong>B\u00e9n\u00e9ficier d\u2019avantages exclusifs<\/strong>\u00a0lors de nos \u00e9v\u00e9nements<\/li>\n\n\n\n<li><strong>Contribuer \u00e0 la dynamisation<\/strong>\u00a0de Villefranche-de-Conflent et des environs<\/li>\n<\/ul>\n\n\n\n<p>Chaque aide, qu\u2019elle soit grande ou petite, compte. Que vous ayez envie de donner un coup de main ponctuel ou de vous investir sur le long terme, votre \u00e9nergie et votre enthousiasme sont les bienvenus.<\/p>\n\n\n\n<hr class=\"wp-block-separator has-alpha-channel-opacity\"\/>\n\n\n\n<p><strong>Envie de nous rejoindre ? C\u2019est simple !<\/strong><\/p>\n\n\n\n<p>Pour en savoir plus contactez-nous directement. Ensemble, faisons du Printemps des Brasseurs un moment inoubliable !<\/p>\n","protected":false},"excerpt":{"rendered":"<p>Devenez un acteur du Printemps des Brasseurs \u00e0 Villefranche-de-Conflent ! Amoureux de la bi\u00e8re artisanale, passionn\u00e9 de culture locale ou simple curieux ? Le&nbsp;Printemps des Brasseurs&nbsp;de Villefranche-de-Conflent est de retour le dimanche 19 avril 2026, et nous avons besoin de vous pour en faire un \u00e9v\u00e9nement exceptionnel ! Rejoindre notre association, c\u2019est bien plus qu\u2019une simple adh\u00e9sion. C\u2019est l\u2019opportunit\u00e9 de participer activement \u00e0 l\u2019organisation de ce festival unique qui c\u00e9l\u00e8bre le savoir-faire brassicole et met en lumi\u00e8re notre magnifique patrimoine. En devenant membre, vous pourrez : Chaque aide, qu\u2019elle soit grande ou petite, compte. Que vous ayez envie de donner un coup de main ponctuel ou de vous investir sur le long terme, votre \u00e9nergie et votre enthousiasme sont les bienvenus. Envie de nous rejoindre ? C\u2019est simple ! Pour en savoir plus contactez-nous directement. Ensemble, faisons du Printemps des Brasseurs un moment inoubliable !<\/p>\n","protected":false},"author":1,"featured_media":0,"parent":0,"menu_order":0,"comment_status":"closed","ping_status":"closed","template":"","meta":{"footnotes":""},"class_list":["post-957","page","type-page","status-publish","hentry"],"_links":{"self":[{"href":"https:\/\/le-printemps-des-brasseurs.com\/index.php?rest_route=\/wp\/v2\/pages\/957","targetHints":{"allow":["GET"]}}],"collection":[{"href":"https:\/\/le-printemps-des-brasseurs.com\/index.php?rest_route=\/wp\/v2\/pages"}],"about":[{"href":"https:\/\/le-printemps-des-brasseurs.com\/index.php?rest_route=\/wp\/v2\/types\/page"}],"author":[{"embeddable":true,"href":"https:\/\/le-printemps-des-brasseurs.com\/index.php?rest_route=\/wp\/v2\/users\/1"}],"replies":[{"embeddable":true,"href":"https:\/\/le-printemps-des-brasseurs.com\/index.php?rest_route=%2Fwp%2Fv2%2Fcomments&post=957"}],"version-history":[{"count":2,"href":"https:\/\/le-printemps-des-brasseurs.com\/index.php?rest_route=\/wp\/v2\/pages\/957\/revisions"}],"predecessor-version":[{"id":985,"href":"https:\/\/le-printemps-des-brasseurs.com\/index.php?rest_route=\/wp\/v2\/pages\/957\/revisions\/985"}],"wp:attachment":[{"href":"https:\/\/le-printemps-des-brasseurs.com\/index.php?rest_route=%2Fwp%2Fv2%2Fmedia&parent=957"}],"curies":[{"name":"wp","href":"https:\/\/api.w.org\/{rel}","templated":true}]}}