{"id":943,"date":"2026-01-17T22:32:59","date_gmt":"2026-01-17T22:32:59","guid":{"rendered":"https:\/\/le-printemps-des-brasseurs.com\/?page_id=943"},"modified":"2026-01-18T12:04:48","modified_gmt":"2026-01-18T12:04:48","slug":"edition-2026","status":"publish","type":"page","link":"https:\/\/le-printemps-des-brasseurs.com\/?page_id=943","title":{"rendered":"Edition 2026"},"content":{"rendered":"\n<p>\ud83d\udc4b Avis aux amateurs de bi\u00e8re artisanale et de bons moments !Vous aimez d\u00e9couvrir des brasseries locales, participer \u00e0 des \u00e9v\u00e9nements conviviaux et suivre l&rsquo;actualit\u00e9 des animations a Villefranche, faire une estimation pour la vitrine du juste Prix? Alors, n&rsquo;h\u00e9sitez plus : suivez la page de notre association, Les Printemps des Brasseurs ! \ud83c\udf7bSur Facebook Printemps des Brasseurs l&rsquo;AssoEt sur Instagram @asso_printempsdesbrasseurs et m\u00eame sur TikTok Au programme : annonces d&rsquo;\u00e9v\u00e9nements, pr\u00e9sentations de brasseurs, publication de tous les participants \u00e0 la vitrine du juste prix, photos de nos actions, et bien plus encore !C&rsquo;est par ici \ud83d\udc47 (Cliquez sur \u00ab\u00a0J&rsquo;aime\u00a0\u00bb ou \u00ab\u00a0S&rsquo;abonner\u00a0\u00bb)Merci pour votre soutien ! \ud83d\ude4f<\/p>\n\n\n\n<figure class=\"wp-block-image size-large\"><img loading=\"lazy\" decoding=\"async\" width=\"723\" height=\"1024\" src=\"https:\/\/le-printemps-des-brasseurs.com\/wp-content\/uploads\/2026\/01\/1000068416-723x1024.jpg\" alt=\"\" class=\"wp-image-993\" srcset=\"https:\/\/le-printemps-des-brasseurs.com\/wp-content\/uploads\/2026\/01\/1000068416-723x1024.jpg 723w, https:\/\/le-printemps-des-brasseurs.com\/wp-content\/uploads\/2026\/01\/1000068416-212x300.jpg 212w, https:\/\/le-printemps-des-brasseurs.com\/wp-content\/uploads\/2026\/01\/1000068416-768x1087.jpg 768w, https:\/\/le-printemps-des-brasseurs.com\/wp-content\/uploads\/2026\/01\/1000068416-1085x1536.jpg 1085w, https:\/\/le-printemps-des-brasseurs.com\/wp-content\/uploads\/2026\/01\/1000068416-1140x1614.jpg 1140w, https:\/\/le-printemps-des-brasseurs.com\/wp-content\/uploads\/2026\/01\/1000068416.jpg 1242w\" sizes=\"auto, (max-width: 723px) 100vw, 723px\" \/><\/figure>\n","protected":false},"excerpt":{"rendered":"<p>\ud83d\udc4b Avis aux amateurs de bi\u00e8re artisanale et de bons moments !Vous aimez d\u00e9couvrir des brasseries locales, participer \u00e0 des \u00e9v\u00e9nements conviviaux et suivre l&rsquo;actualit\u00e9 des animations a Villefranche, faire une estimation pour la vitrine du juste Prix? Alors, n&rsquo;h\u00e9sitez plus : suivez la page de notre association, Les Printemps des Brasseurs ! \ud83c\udf7bSur Facebook Printemps des Brasseurs l&rsquo;AssoEt sur Instagram @asso_printempsdesbrasseurs et m\u00eame sur TikTok Au programme : annonces d&rsquo;\u00e9v\u00e9nements, pr\u00e9sentations de brasseurs, publication de tous les participants \u00e0 la vitrine du juste prix, photos de nos actions, et bien plus encore !C&rsquo;est par ici \ud83d\udc47 (Cliquez sur \u00ab\u00a0J&rsquo;aime\u00a0\u00bb ou \u00ab\u00a0S&rsquo;abonner\u00a0\u00bb)Merci pour votre soutien ! \ud83d\ude4f<\/p>\n","protected":false},"author":1,"featured_media":0,"parent":0,"menu_order":0,"comment_status":"closed","ping_status":"closed","template":"","meta":{"footnotes":""},"class_list":["post-943","page","type-page","status-publish","hentry"],"_links":{"self":[{"href":"https:\/\/le-printemps-des-brasseurs.com\/index.php?rest_route=\/wp\/v2\/pages\/943","targetHints":{"allow":["GET"]}}],"collection":[{"href":"https:\/\/le-printemps-des-brasseurs.com\/index.php?rest_route=\/wp\/v2\/pages"}],"about":[{"href":"https:\/\/le-printemps-des-brasseurs.com\/index.php?rest_route=\/wp\/v2\/types\/page"}],"author":[{"embeddable":true,"href":"https:\/\/le-printemps-des-brasseurs.com\/index.php?rest_route=\/wp\/v2\/users\/1"}],"replies":[{"embeddable":true,"href":"https:\/\/le-printemps-des-brasseurs.com\/index.php?rest_route=%2Fwp%2Fv2%2Fcomments&post=943"}],"version-history":[{"count":3,"href":"https:\/\/le-printemps-des-brasseurs.com\/index.php?rest_route=\/wp\/v2\/pages\/943\/revisions"}],"predecessor-version":[{"id":994,"href":"https:\/\/le-printemps-des-brasseurs.com\/index.php?rest_route=\/wp\/v2\/pages\/943\/revisions\/994"}],"wp:attachment":[{"href":"https:\/\/le-printemps-des-brasseurs.com\/index.php?rest_route=%2Fwp%2Fv2%2Fmedia&parent=943"}],"curies":[{"name":"wp","href":"https:\/\/api.w.org\/{rel}","templated":true}]}}