{"id":941,"date":"2026-01-17T22:32:59","date_gmt":"2026-01-17T22:32:59","guid":{"rendered":"https:\/\/le-printemps-des-brasseurs.com\/?page_id=941"},"modified":"2026-01-18T13:23:04","modified_gmt":"2026-01-18T13:23:04","slug":"le-jeu-juste-prix","status":"publish","type":"page","link":"https:\/\/le-printemps-des-brasseurs.com\/?page_id=941","title":{"rendered":"Le jeu \u00ab\u00a0Juste Prix\u00a0\u00bb"},"content":{"rendered":"\n<p><\/p>\n\n\n\n<p>Tentez votre chance au concours \u00ab Le juste prix de la vitrine \u00bb avec le Printemps des Brasseurs, du 21 septembre 2025 au 19 avril 2026 ! Estimez la vitrine au 38, rue Saint-Jean \u00e0 Villefranche-de-Conflent et remportez-la si vous trouvez le bon prix. Billets en vente chez les partenaires locaux.<\/p>\n\n\n\n<p>La chasse \u00e0 la bonne estimation est officiellement lanc\u00e9e ! \ud83c\udfaf\ud83d\udcb0Pour vous aider dans votre qu\u00eate du Juste Prix, nous allons vous donner un coup de pouce ! Chaque jour, nous allons r\u00e9v\u00e9ler un ou plusieurs objets de la vitrine avec le nom de la boutique qui l&rsquo;a offert.Votre mission, si vous l&rsquo;acceptez : vous rendre dans la boutique en question pour retrouver cet objet et d\u00e9couvrir son prix exact. C&rsquo;est l&rsquo;occasion parfaite pour explorer nos commerces locaux !Suivez notre page tous les jours pour ne rien manquer !\u00c0 vos marques, pr\u00eats, estimez !#LeJustePrix #Villefranche #SoutienCommerceLocal #JeuConcours #ChasseAuPrix #Aide #Estimez Printemps des Brasseurs l&rsquo;Asso Les Delices De Sab Instants Photos 66 by Denis  Mairie de Villefranche-de-Conflent compte officiel Les remparts de Villefranche-de-Conflent #lesescapadesdeC<\/p>\n\n\n\n<figure class=\"wp-block-image size-full\"><img loading=\"lazy\" decoding=\"async\" width=\"700\" height=\"991\" src=\"https:\/\/le-printemps-des-brasseurs.com\/wp-content\/uploads\/2026\/01\/1000068441.jpg\" alt=\"\" class=\"wp-image-998\" srcset=\"https:\/\/le-printemps-des-brasseurs.com\/wp-content\/uploads\/2026\/01\/1000068441.jpg 700w, https:\/\/le-printemps-des-brasseurs.com\/wp-content\/uploads\/2026\/01\/1000068441-212x300.jpg 212w\" sizes=\"auto, (max-width: 700px) 100vw, 700px\" \/><\/figure>\n","protected":false},"excerpt":{"rendered":"<p>Tentez votre chance au concours \u00ab Le juste prix de la vitrine \u00bb avec le Printemps des Brasseurs, du 21 septembre 2025 au 19 avril 2026 ! Estimez la vitrine au 38, rue Saint-Jean \u00e0 Villefranche-de-Conflent et remportez-la si vous trouvez le bon prix. Billets en vente chez les partenaires locaux. La chasse \u00e0 la bonne estimation est officiellement lanc\u00e9e ! \ud83c\udfaf\ud83d\udcb0Pour vous aider dans votre qu\u00eate du Juste Prix, nous allons vous donner un coup de pouce ! Chaque jour, nous allons r\u00e9v\u00e9ler un ou plusieurs objets de la vitrine avec le nom de la boutique qui l&rsquo;a offert.Votre mission, si vous l&rsquo;acceptez : vous rendre dans la boutique en question pour retrouver cet objet et d\u00e9couvrir son prix exact. C&rsquo;est l&rsquo;occasion parfaite pour explorer nos commerces locaux !Suivez notre page tous les jours pour ne rien manquer !\u00c0 vos marques, pr\u00eats, estimez !#LeJustePrix #Villefranche #SoutienCommerceLocal #JeuConcours #ChasseAuPrix #Aide #Estimez Printemps des Brasseurs l&rsquo;Asso Les Delices De Sab Instants Photos 66 by Denis Mairie de Villefranche-de-Conflent compte officiel Les remparts de Villefranche-de-Conflent #lesescapadesdeC<\/p>\n","protected":false},"author":1,"featured_media":0,"parent":0,"menu_order":0,"comment_status":"closed","ping_status":"closed","template":"","meta":{"footnotes":""},"class_list":["post-941","page","type-page","status-publish","hentry"],"_links":{"self":[{"href":"https:\/\/le-printemps-des-brasseurs.com\/index.php?rest_route=\/wp\/v2\/pages\/941","targetHints":{"allow":["GET"]}}],"collection":[{"href":"https:\/\/le-printemps-des-brasseurs.com\/index.php?rest_route=\/wp\/v2\/pages"}],"about":[{"href":"https:\/\/le-printemps-des-brasseurs.com\/index.php?rest_route=\/wp\/v2\/types\/page"}],"author":[{"embeddable":true,"href":"https:\/\/le-printemps-des-brasseurs.com\/index.php?rest_route=\/wp\/v2\/users\/1"}],"replies":[{"embeddable":true,"href":"https:\/\/le-printemps-des-brasseurs.com\/index.php?rest_route=%2Fwp%2Fv2%2Fcomments&post=941"}],"version-history":[{"count":4,"href":"https:\/\/le-printemps-des-brasseurs.com\/index.php?rest_route=\/wp\/v2\/pages\/941\/revisions"}],"predecessor-version":[{"id":999,"href":"https:\/\/le-printemps-des-brasseurs.com\/index.php?rest_route=\/wp\/v2\/pages\/941\/revisions\/999"}],"wp:attachment":[{"href":"https:\/\/le-printemps-des-brasseurs.com\/index.php?rest_route=%2Fwp%2Fv2%2Fmedia&parent=941"}],"curies":[{"name":"wp","href":"https:\/\/api.w.org\/{rel}","templated":true}]}}