{"id":938,"date":"2026-01-17T22:32:59","date_gmt":"2026-01-17T22:32:59","guid":{"rendered":"https:\/\/le-printemps-des-brasseurs.com\/?page_id=938"},"modified":"2026-01-21T22:05:25","modified_gmt":"2026-01-21T22:05:25","slug":"accueil","status":"publish","type":"page","link":"https:\/\/le-printemps-des-brasseurs.com\/","title":{"rendered":"Accueil"},"content":{"rendered":"\n<p><strong>L\u2019histoire de notre association<\/strong>:<br>\u00c0 l\u2019origine, tout a commenc\u00e9 avec l\u2019annulation du vol de montgolfi\u00e8re en d\u00e9cembre 2024 pour la f\u00eate de la truffe. Pour ne pas d\u00e9cevoir les visiteurs, un petit groupe de b\u00e9n\u00e9voles et de commer\u00e7ants s\u2019est mobilis\u00e9 pour cr\u00e9er un nouvel \u00e9v\u00e9nement.<\/p>\n\n\n\n<p>Apr\u00e8s plus de 400 heures de travail, la premi\u00e8re \u00e9dition du Printemps des Brasseurs a vu le jour le 6 avril dernier.<br>Les membres fondateurs se sont r\u00e9partis les r\u00f4les:<br>* Yannick s\u2019est occup\u00e9 de la publicit\u00e9.<br>* Delphine a g\u00e9r\u00e9 la montgolfi\u00e8re.<br>* Lise et Seb ont anim\u00e9 avec les jeux gonflables.<br>* Manu a supervis\u00e9 la s\u00e9curit\u00e9 et la logistique.<br>* Lili s\u2019est charg\u00e9e de la r\u00e9daction et de la cr\u00e9ation des bracelets.<br>* Claude a apport\u00e9 son soutien.<br>* Et moi m\u00eame, Anissa s\u2019est occup\u00e9e de la communication et de l\u2019organisation.<br>Cette journ\u00e9e fut extraordinaire pour tous, grav\u00e9 dans les m\u00e9moires a jamais donc pour ne pas en faire un \u00e9v\u00e8nement \u00e0 la m\u00eame p\u00e9riode chaque ann\u00e9e?<br><br>Notre objectif principal est de faire de notre village une v\u00e9ritable destination touristique, un lieu convivial qui redevient une \u00e9tape pour tous, avec des animations familiales et des retomb\u00e9es positives pour la communaut\u00e9.<br><br>L\u2019\u00e9quipe de d\u00e9part, pour des raisons personnelles et louables n\u2019ont pas pu me suivre pour continuer \u00e0 m\u2019aider, mais reste dans l\u2019ombre.<\/p>\n\n\n\n<p><br>A ce jour de nouveaux compagnons vont participer \u00e0 la long\u00e9vit\u00e9 de cette \u00e9v\u00e8nement:<br>*Patricia, Vice-Pr\u00e9sidente, commer\u00e7ante et habitante \u00e0 Villefranche de Conflent depuis plus de 10 ans.<br>*Louis, Secr\u00e9taire habitant.<br>*Katy, Secr\u00e9taire adjointe habitante.<br>*Olivia, Tr\u00e9sori\u00e8re commer\u00e7ante et habitante<br>* Et moi Anissa Pr\u00e9sidente commer\u00e7ante et habitante depuis plus de 10 ans.<\/p>\n\n\n\n<p><br>Nous ne sommes ni une association de commer\u00e7ants, ni une association d\u2019habitants, mais une association f\u00e9d\u00e9ratrice qui appartient \u00e0 tous ! Notre but est de rassembler les \u00e9nergies et de travailler ensemble dans un cadre l\u00e9gal.<br><br><strong>Les prochaines \u00e9tapes<\/strong><br><br>Notre association est ouverte \u00e0 tous : si vous souhaitez vous joindre \u00e0 nous, vous pouvez devenir membre du bureau ou simplement vous inscrire comme b\u00e9n\u00e9vole.<br>Le bureau se concentre d\u00e9j\u00e0 sur la deuxi\u00e8me \u00e9dition, qui se tiendra en avril 2026. Pour cet \u00e9v\u00e9nement, nous allons :<br>* \u00c9tablir un budget pr\u00e9visionnel pour d\u00e9marcher des subventions et des partenariats.<br>* D\u00e9velopper un plan de communication pour valoriser nos partenaires.<br>* N\u00e9gocier les tarifs pour la d\u00e9coration du village.<br>* Organiser des vide-greniers pour financer nos projets.<br>Si vous avez des questions, n\u2019h\u00e9sitez pas \u00e0 nous les poser, c\u2019est le bon moment<\/p>\n","protected":false},"excerpt":{"rendered":"<p>L\u2019histoire de notre association:\u00c0 l\u2019origine, tout a commenc\u00e9 avec l\u2019annulation du vol de montgolfi\u00e8re en d\u00e9cembre 2024 pour la f\u00eate de la truffe. Pour ne pas d\u00e9cevoir les visiteurs, un petit groupe de b\u00e9n\u00e9voles et de commer\u00e7ants s\u2019est mobilis\u00e9 pour cr\u00e9er un nouvel \u00e9v\u00e9nement. Apr\u00e8s plus de 400 heures de travail, la premi\u00e8re \u00e9dition du Printemps des Brasseurs a vu le jour le 6 avril dernier.Les membres fondateurs se sont r\u00e9partis les r\u00f4les:* Yannick s\u2019est occup\u00e9 de la publicit\u00e9.* Delphine a g\u00e9r\u00e9 la montgolfi\u00e8re.* Lise et Seb ont anim\u00e9 avec les jeux gonflables.* Manu a supervis\u00e9 la s\u00e9curit\u00e9 et la logistique.* Lili s\u2019est charg\u00e9e de la r\u00e9daction et de la cr\u00e9ation des bracelets.* Claude a apport\u00e9 son soutien.* Et moi m\u00eame, Anissa s\u2019est occup\u00e9e de la communication et de l\u2019organisation.Cette journ\u00e9e fut extraordinaire pour tous, grav\u00e9 dans les m\u00e9moires a jamais donc pour ne pas en faire un \u00e9v\u00e8nement \u00e0 la m\u00eame p\u00e9riode chaque ann\u00e9e? Notre objectif principal est de faire de notre village une v\u00e9ritable destination touristique, un lieu convivial qui redevient une \u00e9tape pour tous, avec des animations familiales et des retomb\u00e9es positives pour la communaut\u00e9. L\u2019\u00e9quipe de d\u00e9part, pour des raisons personnelles et louables n\u2019ont pas pu me suivre pour continuer \u00e0 m\u2019aider, mais reste dans l\u2019ombre. A ce jour de nouveaux compagnons vont participer \u00e0 la long\u00e9vit\u00e9 de cette \u00e9v\u00e8nement:*Patricia, Vice-Pr\u00e9sidente, commer\u00e7ante et habitante \u00e0 Villefranche de Conflent depuis plus de 10 ans.*Louis, Secr\u00e9taire habitant.*Katy, Secr\u00e9taire adjointe habitante.*Olivia, Tr\u00e9sori\u00e8re commer\u00e7ante et habitante* Et moi Anissa Pr\u00e9sidente commer\u00e7ante et habitante depuis plus de 10 ans. Nous ne sommes ni une association de commer\u00e7ants, ni une association d\u2019habitants, mais une association f\u00e9d\u00e9ratrice qui appartient \u00e0 tous ! Notre but est de rassembler les \u00e9nergies et de travailler ensemble dans un cadre l\u00e9gal. Les prochaines \u00e9tapes Notre association est ouverte \u00e0 tous : si vous souhaitez vous joindre \u00e0 nous, vous pouvez devenir membre du bureau ou simplement vous inscrire comme b\u00e9n\u00e9vole.Le bureau se concentre d\u00e9j\u00e0 sur la deuxi\u00e8me \u00e9dition, qui se tiendra en avril 2026. Pour cet \u00e9v\u00e9nement, nous allons :* \u00c9tablir un budget pr\u00e9visionnel pour d\u00e9marcher des subventions et des partenariats.* D\u00e9velopper un plan de communication pour valoriser nos partenaires.* N\u00e9gocier les tarifs pour la d\u00e9coration du village.* Organiser des vide-greniers pour financer nos projets.Si vous avez des questions, n\u2019h\u00e9sitez pas \u00e0 nous les poser, c\u2019est le bon moment<\/p>\n","protected":false},"author":1,"featured_media":1016,"parent":0,"menu_order":0,"comment_status":"closed","ping_status":"closed","template":"","meta":{"footnotes":""},"class_list":["post-938","page","type-page","status-publish","has-post-thumbnail","hentry"],"_links":{"self":[{"href":"https:\/\/le-printemps-des-brasseurs.com\/index.php?rest_route=\/wp\/v2\/pages\/938","targetHints":{"allow":["GET"]}}],"collection":[{"href":"https:\/\/le-printemps-des-brasseurs.com\/index.php?rest_route=\/wp\/v2\/pages"}],"about":[{"href":"https:\/\/le-printemps-des-brasseurs.com\/index.php?rest_route=\/wp\/v2\/types\/page"}],"author":[{"embeddable":true,"href":"https:\/\/le-printemps-des-brasseurs.com\/index.php?rest_route=\/wp\/v2\/users\/1"}],"replies":[{"embeddable":true,"href":"https:\/\/le-printemps-des-brasseurs.com\/index.php?rest_route=%2Fwp%2Fv2%2Fcomments&post=938"}],"version-history":[{"count":2,"href":"https:\/\/le-printemps-des-brasseurs.com\/index.php?rest_route=\/wp\/v2\/pages\/938\/revisions"}],"predecessor-version":[{"id":1012,"href":"https:\/\/le-printemps-des-brasseurs.com\/index.php?rest_route=\/wp\/v2\/pages\/938\/revisions\/1012"}],"wp:featuredmedia":[{"embeddable":true,"href":"https:\/\/le-printemps-des-brasseurs.com\/index.php?rest_route=\/wp\/v2\/media\/1016"}],"wp:attachment":[{"href":"https:\/\/le-printemps-des-brasseurs.com\/index.php?rest_route=%2Fwp%2Fv2%2Fmedia&parent=938"}],"curies":[{"name":"wp","href":"https:\/\/api.w.org\/{rel}","templated":true}]}}